{"id":680,"date":"2017-01-25T09:35:50","date_gmt":"2017-01-25T09:35:50","guid":{"rendered":"https:\/\/www.asia-pacific.de\/unsere-staerken-ihr-vorteil-2\/"},"modified":"2020-07-20T17:57:00","modified_gmt":"2020-07-20T15:57:00","slug":"unsere-staerken-ihr-vorteil-2","status":"publish","type":"page","link":"https:\/\/www.asia-pacific.de\/en\/unsere-staerken-ihr-vorteil-2\/","title":{"rendered":"Our strengths &#8211; your advantages"},"content":{"rendered":"[vc_row row_font_color=&#8221;#666666&#8243; css=&#8221;.vc_custom_1475225524377{background: #ffffff url(https:\/\/www.asia-pacific.de\/assets\/wp-content\/uploads\/2016\/09\/bg-part-three.jpg?id=44) !important;}&#8221; el_class=&#8221;wr-part-three&#8221;][vc_column]<div class=\"title-outer titr \" style=\"border-bottom: none;text-align: center; \"><h3 style=\"color: #01417f; text-transform: none;font-size: 30px; line-height: 42px;\">Unsere St\u00e4rken - Ihr Vorteil<\/h3><\/div>[vc_row_inner][vc_column_inner width=&#8221;1\/2&#8243;][vc_column_text]F\u00fcr mittelst\u00e4ndische Unternehmen gelten wir als der Partner zur Anbahnung von Gesch\u00e4ftsaktivit\u00e4ten in Asien schlechthin.[\/vc_column_text][\/vc_column_inner][vc_column_inner width=&#8221;1\/2&#8243;][vc_column_text]Seit 1997 haben wir bereits \u00fcber 600 Kunden aus Deutschland und Europa erfolgreich auf dem Weg nach Asien begleitet.[\/vc_column_text][\/vc_column_inner][\/vc_row_inner]<div class=\"separator\" style=\"padding-top: 30px; padding-bottom: 30px; \"><hr class=\"blank_divider\" ><\/div>[vc_row_inner][vc_column_inner width=&#8221;1\/3&#8243; css=&#8221;.vc_custom_1484216318935{padding-right: 20px !important;}&#8221;]<div class=\"title-outer titr-sm \" style=\"border-bottom: none;\"><h3 style=\"color: #333333; text-transform: none;font-size: 30px; line-height: 42px;\">Warum APMC?<\/h3><\/div><div class=\"title-outer titr-s \" style=\"border-bottom: none;\"><h3 style=\"color: #333333; text-transform: none;font-size: 20px; line-height: 32px;\">Wir helfen deutschen und europ\u00e4ischen Unternehmen,<\/h3><\/div>[vc_column_text]in Asien Erfolg zu haben, und tun alles, was daf\u00fcr n\u00f6tig ist. Wie kaum ein anderes Beratungsunternehmen verf\u00fcgen wir daf\u00fcr \u00fcber ein ebenso spezialisiertes wie breites Know-how:[\/vc_column_text][vc_btn title=&#8221;MEHR&#8221; style=&#8221;custom&#8221; custom_background=&#8221;#01417f&#8221; custom_text=&#8221;#ffffff&#8221; shape=&#8221;square&#8221; align=&#8221;left&#8221; link=&#8221;url:https%3A%2F%2Fwww.asia-pacific.de%2Funsere-staerken-ihr-vorteil-3%2F|&#8221; el_class=&#8221;btn-more&#8221;][\/vc_column_inner][vc_column_inner width=&#8221;1\/3&#8243;]<div class=\"title-outer titr-sm \" style=\"border-bottom: none;\"><h3 style=\"color: #333333; text-transform: none;font-size: 30px; line-height: 42px;\">Was wir tun<\/h3><\/div><div class=\"title-outer titr-s \" style=\"border-bottom: none;\"><h3 style=\"color: #333333; text-transform: none;font-size: 20px; line-height: 32px;\">Wir bieten unseren Klienten Asienl\u00f6sungen aus einer Hand,<\/h3><\/div>[vc_column_text]d. h. von der Personalberatung (Executive Search, Management Audit, Mitarbeiterbindungsprogramme, Gehaltsstudien, Management Development Programme f\u00fcr asiatische Mitarbeiter)&#8230;[\/vc_column_text][vc_btn title=&#8221;MEHR&#8221; style=&#8221;custom&#8221; custom_background=&#8221;#01417f&#8221; custom_text=&#8221;#ffffff&#8221; shape=&#8221;square&#8221; align=&#8221;left&#8221; link=&#8221;url:https%3A%2F%2Fwww.asia-pacific.de%2Funsere-staerken-ihr-vorteil-3%2F|&#8221; el_class=&#8221;btn-more&#8221;][\/vc_column_inner][vc_column_inner width=&#8221;1\/3&#8243;]<div class=\"title-outer titr-sm \" style=\"border-bottom: none;\"><h3 style=\"color: #333333; text-transform: none;font-size: 30px; line-height: 42px;\">Wer wir sind<\/h3><\/div><div class=\"title-outer titr-s \" style=\"border-bottom: none;\"><h3 style=\"color: #333333; text-transform: none;font-size: 20px; line-height: 32px;\">Die Asia-Pacific Management Consulting GmbH (APMC)<\/h3><\/div>[vc_column_text]ist eine auf Asien spezialisierte Unternehmensberatung mit Hauptsitz in D\u00fcsseldorf. Mit eigenen Niederlassungen in Asien und Beratern vor Ort unterst\u00fctzen wir seit 1997 unsere Klienten&#8230;[\/vc_column_text][vc_btn title=&#8221;MEHR&#8221; style=&#8221;custom&#8221; custom_background=&#8221;#01417f&#8221; custom_text=&#8221;#ffffff&#8221; shape=&#8221;square&#8221; align=&#8221;left&#8221; link=&#8221;url:https%3A%2F%2Fwww.asia-pacific.de%2Funsere-staerken-ihr-vorteil-3%2F|&#8221; el_class=&#8221;btn-more&#8221;][\/vc_column_inner][\/vc_row_inner][\/vc_column][\/vc_row]\n","protected":false},"excerpt":{"rendered":"<p>[vc_row row_font_color=&#8221;#666666&#8243; css=&#8221;.vc_custom_1475225524377{background: #ffffff url(https:\/\/www.asia-pacific.de\/assets\/wp-content\/uploads\/2016\/09\/bg-part-three.jpg?id=44) !important;}&#8221; el_class=&#8221;wr-part-three&#8221;][vc_column][vc_row_inner][vc_column_inner width=&#8221;1\/2&#8243;][vc_column_text]F\u00fcr mittelst\u00e4ndische Unternehmen gelten wir als der Partner zur Anbahnung von Gesch\u00e4ftsaktivit\u00e4ten in Asien schlechthin.[\/vc_column_text][\/vc_column_inner][vc_column_inner width=&#8221;1\/2&#8243;][vc_column_text]Seit 1997 haben wir bereits \u00fcber 600 Kunden aus Deutschland und Europa erfolgreich auf dem Weg nach Asien begleitet.[\/vc_column_text][\/vc_column_inner][\/vc_row_inner][vc_row_inner][vc_column_inner width=&#8221;1\/3&#8243; css=&#8221;.vc_custom_1484216318935{padding-right: 20px !important;}&#8221;][vc_column_text]in Asien Erfolg zu haben, und tun alles, was daf\u00fcr n\u00f6tig [&hellip;]<\/p>\n","protected":false},"author":2,"featured_media":0,"parent":0,"menu_order":0,"comment_status":"closed","ping_status":"closed","template":"","meta":{"_mi_skip_tracking":false},"yoast_head":"<!-- This site is optimized with the Yoast SEO plugin v16.1.1 - https:\/\/yoast.com\/wordpress\/plugins\/seo\/ -->\n<link rel=\"canonical\" href=\"https:\/\/www.asia-pacific.de\/en\/unsere-staerken-ihr-vorteil-2\/\" \/>\n<meta property=\"og:locale\" content=\"en_US\" \/>\n<meta property=\"og:type\" content=\"article\" \/>\n<meta property=\"og:title\" content=\"Our strengths - your advantages - Asia\" \/>\n<meta property=\"og:description\" content=\"[vc_row row_font_color=&#8221;#666666&#8243; css=&#8221;.vc_custom_1475225524377{background: #ffffff url(https:\/\/www.asia-pacific.de\/assets\/wp-content\/uploads\/2016\/09\/bg-part-three.jpg?id=44) !important;}&#8221; el_class=&#8221;wr-part-three&#8221;][vc_column][vc_row_inner][vc_column_inner width=&#8221;1\/2&#8243;][vc_column_text]F\u00fcr mittelst\u00e4ndische Unternehmen gelten wir als der Partner zur Anbahnung von Gesch\u00e4ftsaktivit\u00e4ten in Asien schlechthin.[\/vc_column_text][\/vc_column_inner][vc_column_inner width=&#8221;1\/2&#8243;][vc_column_text]Seit 1997 haben wir bereits \u00fcber 600 Kunden aus Deutschland und Europa erfolgreich auf dem Weg nach Asien begleitet.[\/vc_column_text][\/vc_column_inner][\/vc_row_inner][vc_row_inner][vc_column_inner width=&#8221;1\/3&#8243; css=&#8221;.vc_custom_1484216318935{padding-right: 20px !important;}&#8221;][vc_column_text]in Asien Erfolg zu haben, und tun alles, was daf\u00fcr n\u00f6tig [&hellip;]\" \/>\n<meta property=\"og:url\" content=\"https:\/\/www.asia-pacific.de\/en\/unsere-staerken-ihr-vorteil-2\/\" \/>\n<meta property=\"og:site_name\" content=\"Asia\" \/>\n<meta property=\"article:modified_time\" content=\"2020-07-20T15:57:00+00:00\" \/>\n<meta name=\"twitter:card\" content=\"summary\" \/>\n<meta name=\"twitter:label1\" content=\"Est. reading time\">\n\t<meta name=\"twitter:data1\" content=\"2 minutes\">\n<script type=\"application\/ld+json\" class=\"yoast-schema-graph\">{\"@context\":\"https:\/\/schema.org\",\"@graph\":[{\"@type\":\"WebSite\",\"@id\":\"https:\/\/www.asia-pacific.de\/#website\",\"url\":\"https:\/\/www.asia-pacific.de\/\",\"name\":\"Asia\",\"description\":\"Beratung ist Vertrauenssache\",\"potentialAction\":[{\"@type\":\"SearchAction\",\"target\":\"https:\/\/www.asia-pacific.de\/?s={search_term_string}\",\"query-input\":\"required name=search_term_string\"}],\"inLanguage\":\"en-US\"},{\"@type\":\"WebPage\",\"@id\":\"https:\/\/www.asia-pacific.de\/en\/unsere-staerken-ihr-vorteil-2\/#webpage\",\"url\":\"https:\/\/www.asia-pacific.de\/en\/unsere-staerken-ihr-vorteil-2\/\",\"name\":\"Our strengths - your advantages - Asia\",\"isPartOf\":{\"@id\":\"https:\/\/www.asia-pacific.de\/#website\"},\"datePublished\":\"2017-01-25T09:35:50+00:00\",\"dateModified\":\"2020-07-20T15:57:00+00:00\",\"breadcrumb\":{\"@id\":\"https:\/\/www.asia-pacific.de\/en\/unsere-staerken-ihr-vorteil-2\/#breadcrumb\"},\"inLanguage\":\"en-US\",\"potentialAction\":[{\"@type\":\"ReadAction\",\"target\":[\"https:\/\/www.asia-pacific.de\/en\/unsere-staerken-ihr-vorteil-2\/\"]}]},{\"@type\":\"BreadcrumbList\",\"@id\":\"https:\/\/www.asia-pacific.de\/en\/unsere-staerken-ihr-vorteil-2\/#breadcrumb\",\"itemListElement\":[{\"@type\":\"ListItem\",\"position\":1,\"item\":{\"@type\":\"WebPage\",\"@id\":\"https:\/\/www.asia-pacific.de\/en\/\",\"url\":\"https:\/\/www.asia-pacific.de\/en\/\",\"name\":\"Startseite\"}},{\"@type\":\"ListItem\",\"position\":2,\"item\":{\"@type\":\"WebPage\",\"@id\":\"https:\/\/www.asia-pacific.de\/en\/unsere-staerken-ihr-vorteil-2\/\",\"url\":\"https:\/\/www.asia-pacific.de\/en\/unsere-staerken-ihr-vorteil-2\/\",\"name\":\"Our strengths &#8211; your advantages\"}}]}]}<\/script>\n<!-- \/ Yoast SEO plugin. -->","_links":{"self":[{"href":"https:\/\/www.asia-pacific.de\/en\/wp-json\/wp\/v2\/pages\/680"}],"collection":[{"href":"https:\/\/www.asia-pacific.de\/en\/wp-json\/wp\/v2\/pages"}],"about":[{"href":"https:\/\/www.asia-pacific.de\/en\/wp-json\/wp\/v2\/types\/page"}],"author":[{"embeddable":true,"href":"https:\/\/www.asia-pacific.de\/en\/wp-json\/wp\/v2\/users\/2"}],"replies":[{"embeddable":true,"href":"https:\/\/www.asia-pacific.de\/en\/wp-json\/wp\/v2\/comments?post=680"}],"version-history":[{"count":8,"href":"https:\/\/www.asia-pacific.de\/en\/wp-json\/wp\/v2\/pages\/680\/revisions"}],"predecessor-version":[{"id":5187,"href":"https:\/\/www.asia-pacific.de\/en\/wp-json\/wp\/v2\/pages\/680\/revisions\/5187"}],"wp:attachment":[{"href":"https:\/\/www.asia-pacific.de\/en\/wp-json\/wp\/v2\/media?parent=680"}],"curies":[{"name":"wp","href":"https:\/\/api.w.org\/{rel}","templated":true}]}}